{"id":27,"date":"2017-10-16T13:41:12","date_gmt":"2017-10-16T13:41:12","guid":{"rendered":"http:\/\/new.djohndorf.de\/?page_id=27"},"modified":"2017-12-19T16:18:54","modified_gmt":"2017-12-19T15:18:54","slug":"ueber-uns","status":"publish","type":"page","link":"https:\/\/dj-ohndorf.de\/?page_id=27","title":{"rendered":"\u00dcber uns"},"content":{"rendered":"<p>Die Dorfjugend Ohndorf e.V. ist ein Verein Jugendlicher und junger Erwachsener. Ziel der Dorfjugend ist die Pflege der Tradition und der Gemeinschaft, au\u00dferdem die Erhaltung und F\u00f6rderung der Jugendhilfe und Heimatliebe. Zu diesem Zweck werden u.a. die Traditionen des Erntekronebindens und des Maibaumaufstellens gepflegt, der Jugendraum in der Lehrerwohnung erbaut und in Schuss gehalten und selbstverst\u00e4ndlich auch gemeinsame Feiern begangen und sonstige Treffen organisiert. Die Dorfjugend arbeitet \u00fcberkonfessionell, parteipolitisch ungebunden und unabh\u00e4ngig von den \u00f6rtlichen Vereinen.<\/p>\n<p>In den letzten Jahren gelang es, die Gemeinschaft und Zusammengeh\u00f6rigkeit mehr und mehr zu st\u00e4rken, so dass die Dorfjugend Ohndorf als eine am besten funktionierenden Dorfjugenden in der Region betrachtet werden kann. Momentan z\u00e4hlt die Dorfjugend mehr als 50 Mitglieder.<br \/>\nWir hoffen, auch k\u00fcnftig durch gemeinsame Aktionen die Anliegen der Dorfjugend nachhaltig und mit Erfolg vertreten zu k\u00f6nnen.<\/p>\n","protected":false},"excerpt":{"rendered":"<p>Die Dorfjugend Ohndorf e.V. ist ein Verein Jugendlicher und junger Erwachsener. Ziel der Dorfjugend ist die Pflege der Tradition und der Gemeinschaft, au\u00dferdem die Erhaltung und F\u00f6rderung der Jugendhilfe und <a class=\"more-link\" href=\"https:\/\/dj-ohndorf.de\/?page_id=27\">Weiterlesen\u00a0\u2026<\/a><\/p>\n","protected":false},"author":1,"featured_media":0,"parent":0,"menu_order":0,"comment_status":"closed","ping_status":"closed","template":"","meta":{"footnotes":""},"class_list":["post-27","page","type-page","status-publish","hentry"],"_links":{"self":[{"href":"https:\/\/dj-ohndorf.de\/index.php?rest_route=\/wp\/v2\/pages\/27","targetHints":{"allow":["GET"]}}],"collection":[{"href":"https:\/\/dj-ohndorf.de\/index.php?rest_route=\/wp\/v2\/pages"}],"about":[{"href":"https:\/\/dj-ohndorf.de\/index.php?rest_route=\/wp\/v2\/types\/page"}],"author":[{"embeddable":true,"href":"https:\/\/dj-ohndorf.de\/index.php?rest_route=\/wp\/v2\/users\/1"}],"replies":[{"embeddable":true,"href":"https:\/\/dj-ohndorf.de\/index.php?rest_route=%2Fwp%2Fv2%2Fcomments&post=27"}],"version-history":[{"count":2,"href":"https:\/\/dj-ohndorf.de\/index.php?rest_route=\/wp\/v2\/pages\/27\/revisions"}],"predecessor-version":[{"id":186,"href":"https:\/\/dj-ohndorf.de\/index.php?rest_route=\/wp\/v2\/pages\/27\/revisions\/186"}],"wp:attachment":[{"href":"https:\/\/dj-ohndorf.de\/index.php?rest_route=%2Fwp%2Fv2%2Fmedia&parent=27"}],"curies":[{"name":"wp","href":"https:\/\/api.w.org\/{rel}","templated":true}]}}