{"id":37,"date":"2017-10-16T13:42:35","date_gmt":"2017-10-16T13:42:35","guid":{"rendered":"http:\/\/new.djohndorf.de\/?page_id=37"},"modified":"2019-10-20T16:35:23","modified_gmt":"2019-10-20T14:35:23","slug":"jugendraum","status":"publish","type":"page","link":"https:\/\/dj-ohndorf.de\/?page_id=37","title":{"rendered":"Jugendraum &#8211; Lehrerwohnung"},"content":{"rendered":"<p>Die Ohndorfer Schule wurde im Jahr 1909 errichtet und war seitdem einer der Mittelpunkte in Ohndorf. <br \/>Der letzte Jahrgang hat die Schule im Jahr 1974 verlassen und wurde von dem Lehrer Rudolf Zapke unterrichtet. Dieser wurde im Jahr 1962 angestellt und ist im Anschluss an seine Lehrzeit in Ohndorf in Rente gegangen. Gemeinsam mit seiner Frau Edda hat er die Sch\u00fclerinnen und Sch\u00fcler in dem jetzigen Dorfgemeinschaftsraum unterrichtet.\u00a0<br \/>Das Ehepaar Zapke war das Letzte, das die Lehrerwohnung als solche genutzt hat. Anschlie\u00dfend wurde diese vermietet und im Jahr 2015 sollte eine Entscheidung getroffen, wie diese in der Zukunft genutzt werden soll, da sich keine Mieter mehr gefunden haben.<\/p>\n<p>Daraufhin entschied sich die Dorfjugend Ohndorf die R\u00e4umlichkeiten zu renovieren und f\u00fcr die Zukunft als Jugendraum zu nutzen. Schnell stellte sich heraus, dass es mit neuen Tapeten und etwas Farbe nicht getan ist.<\/p>\n<p>Es entstand f\u00fcr die Dorfjugend ein riesiges Projekt, welches sich \u00fcber drei Jahre (2015-2018) streckte. W\u00e4hrend dieser drei Jahre wurden Umnutzungsantr\u00e4ge gestellt, Schimmel bek\u00e4mpft, Tapeten, Vert\u00e4felungen und B\u00f6den entfernt, Durchbr\u00fcche und T\u00fcren ver\u00e4ndert, W\u00e4nde gezogen, Tr\u00e4ger eingebaut, neue Elektrik sowie Wasser- und Abwasserleitungen verlegt, Decken abgehangen, Trockenestrich und Dielen verlegt sowie alles tapeziert und gestrichen. <br \/>In Zahlen bedeutet das: 350 m Stromkabel, 2 Durchbr\u00fcche, 100 qm neue Decken, 50 Spots, 9 Fensterb\u00e4nke, 65qm Dielenboden, 220 qm Tapete, 25 qm Fliesenarbeiten sowie unendlich viel M\u00f6rtel, Spachtel und Werkzeug.\u00a0<\/p>\n<p>Und das alles hat die Dorfjugend Ohndorf in ihrer Freizeit in <strong>ca. 5000 ehrenamtlichen Arbeitsstunden<\/strong> bew\u00e4ltigt.<\/p>\n<p><em>Fotos der Bauphase:\u00a0<\/em><\/p>\n<div id='gallery-1' class='gallery galleryid-37 gallery-columns-6 gallery-size-thumbnail'><figure class='gallery-item'>\n\t\t\t<div class='gallery-icon portrait'>\n\t\t\t\t<a href='https:\/\/dj-ohndorf.de\/wp-content\/uploads\/2019\/10\/8b5ed05041662c4844a38eef208146f7.jpg'><img loading=\"lazy\" decoding=\"async\" width=\"150\" height=\"150\" src=\"https:\/\/dj-ohndorf.de\/wp-content\/uploads\/2019\/10\/8b5ed05041662c4844a38eef208146f7-150x150.jpg\" class=\"attachment-thumbnail size-thumbnail\" alt=\"\" \/><\/a>\n\t\t\t<\/div><\/figure><figure class='gallery-item'>\n\t\t\t<div class='gallery-icon portrait'>\n\t\t\t\t<a href='https:\/\/dj-ohndorf.de\/wp-content\/uploads\/2019\/10\/9a0a7793-2ddf-4dd4-bd55-a8dfb3440fea.jpg'><img loading=\"lazy\" decoding=\"async\" width=\"150\" height=\"150\" src=\"https:\/\/dj-ohndorf.de\/wp-content\/uploads\/2019\/10\/9a0a7793-2ddf-4dd4-bd55-a8dfb3440fea-150x150.jpg\" class=\"attachment-thumbnail size-thumbnail\" alt=\"\" \/><\/a>\n\t\t\t<\/div><\/figure><figure class='gallery-item'>\n\t\t\t<div class='gallery-icon landscape'>\n\t\t\t\t<a href='https:\/\/dj-ohndorf.de\/wp-content\/uploads\/2019\/10\/028.jpg'><img loading=\"lazy\" decoding=\"async\" width=\"150\" height=\"150\" src=\"https:\/\/dj-ohndorf.de\/wp-content\/uploads\/2019\/10\/028-150x150.jpg\" class=\"attachment-thumbnail size-thumbnail\" alt=\"\" \/><\/a>\n\t\t\t<\/div><\/figure><figure class='gallery-item'>\n\t\t\t<div class='gallery-icon landscape'>\n\t\t\t\t<a href='https:\/\/dj-ohndorf.de\/wp-content\/uploads\/2019\/10\/71cc70ac-515d-41ef-99c3-b9334f54b4f1.jpg'><img loading=\"lazy\" decoding=\"async\" width=\"150\" height=\"150\" src=\"https:\/\/dj-ohndorf.de\/wp-content\/uploads\/2019\/10\/71cc70ac-515d-41ef-99c3-b9334f54b4f1-150x150.jpg\" class=\"attachment-thumbnail size-thumbnail\" alt=\"\" \/><\/a>\n\t\t\t<\/div><\/figure><figure class='gallery-item'>\n\t\t\t<div class='gallery-icon portrait'>\n\t\t\t\t<a href='https:\/\/dj-ohndorf.de\/wp-content\/uploads\/2019\/10\/c6e9b2fa466488efd1dff91b2c9c7311.jpg'><img loading=\"lazy\" decoding=\"async\" width=\"150\" height=\"150\" src=\"https:\/\/dj-ohndorf.de\/wp-content\/uploads\/2019\/10\/c6e9b2fa466488efd1dff91b2c9c7311-150x150.jpg\" class=\"attachment-thumbnail size-thumbnail\" alt=\"\" \/><\/a>\n\t\t\t<\/div><\/figure><figure class='gallery-item'>\n\t\t\t<div class='gallery-icon landscape'>\n\t\t\t\t<a href='https:\/\/dj-ohndorf.de\/wp-content\/uploads\/2019\/10\/DSC_0328.jpg'><img loading=\"lazy\" decoding=\"async\" width=\"150\" height=\"150\" src=\"https:\/\/dj-ohndorf.de\/wp-content\/uploads\/2019\/10\/DSC_0328-150x150.jpg\" class=\"attachment-thumbnail size-thumbnail\" alt=\"\" \/><\/a>\n\t\t\t<\/div><\/figure><figure class='gallery-item'>\n\t\t\t<div class='gallery-icon portrait'>\n\t\t\t\t<a href='https:\/\/dj-ohndorf.de\/wp-content\/uploads\/2019\/10\/IMG_1856.jpg'><img loading=\"lazy\" decoding=\"async\" width=\"150\" height=\"150\" src=\"https:\/\/dj-ohndorf.de\/wp-content\/uploads\/2019\/10\/IMG_1856-150x150.jpg\" class=\"attachment-thumbnail size-thumbnail\" alt=\"\" \/><\/a>\n\t\t\t<\/div><\/figure><figure class='gallery-item'>\n\t\t\t<div class='gallery-icon portrait'>\n\t\t\t\t<a href='https:\/\/dj-ohndorf.de\/wp-content\/uploads\/2019\/10\/IMG_2816.jpg'><img loading=\"lazy\" decoding=\"async\" width=\"150\" height=\"150\" src=\"https:\/\/dj-ohndorf.de\/wp-content\/uploads\/2019\/10\/IMG_2816-150x150.jpg\" class=\"attachment-thumbnail size-thumbnail\" alt=\"\" srcset=\"https:\/\/dj-ohndorf.de\/wp-content\/uploads\/2019\/10\/IMG_2816-150x150.jpg 150w, https:\/\/dj-ohndorf.de\/wp-content\/uploads\/2019\/10\/IMG_2816-720x720.jpg 720w\" sizes=\"auto, (max-width: 150px) 100vw, 150px\" \/><\/a>\n\t\t\t<\/div><\/figure><figure class='gallery-item'>\n\t\t\t<div class='gallery-icon portrait'>\n\t\t\t\t<a href='https:\/\/dj-ohndorf.de\/wp-content\/uploads\/2019\/10\/IMG_0108-e1571581375369.jpg'><img loading=\"lazy\" decoding=\"async\" width=\"150\" height=\"150\" src=\"https:\/\/dj-ohndorf.de\/wp-content\/uploads\/2019\/10\/IMG_0108-e1571581375369-150x150.jpg\" class=\"attachment-thumbnail size-thumbnail\" alt=\"\" \/><\/a>\n\t\t\t<\/div><\/figure><figure class='gallery-item'>\n\t\t\t<div class='gallery-icon portrait'>\n\t\t\t\t<a href='https:\/\/dj-ohndorf.de\/wp-content\/uploads\/2019\/10\/IMG_0186.jpg'><img loading=\"lazy\" decoding=\"async\" width=\"150\" height=\"150\" src=\"https:\/\/dj-ohndorf.de\/wp-content\/uploads\/2019\/10\/IMG_0186-150x150.jpg\" class=\"attachment-thumbnail size-thumbnail\" alt=\"\" \/><\/a>\n\t\t\t<\/div><\/figure><figure class='gallery-item'>\n\t\t\t<div class='gallery-icon portrait'>\n\t\t\t\t<a href='https:\/\/dj-ohndorf.de\/wp-content\/uploads\/2019\/10\/IMG_0263-e1571581193970.jpg'><img loading=\"lazy\" decoding=\"async\" width=\"150\" height=\"150\" src=\"https:\/\/dj-ohndorf.de\/wp-content\/uploads\/2019\/10\/IMG_0263-e1571581193970-150x150.jpg\" class=\"attachment-thumbnail size-thumbnail\" alt=\"\" \/><\/a>\n\t\t\t<\/div><\/figure><figure class='gallery-item'>\n\t\t\t<div class='gallery-icon portrait'>\n\t\t\t\t<a href='https:\/\/dj-ohndorf.de\/wp-content\/uploads\/2019\/10\/IMG_0265-e1571581239764.jpg'><img loading=\"lazy\" decoding=\"async\" width=\"150\" height=\"150\" src=\"https:\/\/dj-ohndorf.de\/wp-content\/uploads\/2019\/10\/IMG_0265-e1571581239764-150x150.jpg\" class=\"attachment-thumbnail size-thumbnail\" alt=\"\" \/><\/a>\n\t\t\t<\/div><\/figure><figure class='gallery-item'>\n\t\t\t<div class='gallery-icon portrait'>\n\t\t\t\t<a href='https:\/\/dj-ohndorf.de\/wp-content\/uploads\/2019\/10\/IMG_0266-e1571581253902.jpg'><img loading=\"lazy\" decoding=\"async\" width=\"150\" height=\"150\" src=\"https:\/\/dj-ohndorf.de\/wp-content\/uploads\/2019\/10\/IMG_0266-e1571581253902-150x150.jpg\" class=\"attachment-thumbnail size-thumbnail\" alt=\"\" \/><\/a>\n\t\t\t<\/div><\/figure><figure class='gallery-item'>\n\t\t\t<div class='gallery-icon landscape'>\n\t\t\t\t<a href='https:\/\/dj-ohndorf.de\/wp-content\/uploads\/2019\/10\/IMG_0268.jpg'><img loading=\"lazy\" decoding=\"async\" width=\"150\" height=\"150\" src=\"https:\/\/dj-ohndorf.de\/wp-content\/uploads\/2019\/10\/IMG_0268-150x150.jpg\" class=\"attachment-thumbnail size-thumbnail\" alt=\"\" \/><\/a>\n\t\t\t<\/div><\/figure><figure class='gallery-item'>\n\t\t\t<div class='gallery-icon portrait'>\n\t\t\t\t<a href='https:\/\/dj-ohndorf.de\/wp-content\/uploads\/2019\/10\/IMG_0273-e1571581312686.jpg'><img loading=\"lazy\" decoding=\"async\" width=\"150\" height=\"150\" src=\"https:\/\/dj-ohndorf.de\/wp-content\/uploads\/2019\/10\/IMG_0273-e1571581312686-150x150.jpg\" class=\"attachment-thumbnail size-thumbnail\" alt=\"\" \/><\/a>\n\t\t\t<\/div><\/figure><figure class='gallery-item'>\n\t\t\t<div class='gallery-icon portrait'>\n\t\t\t\t<a href='https:\/\/dj-ohndorf.de\/wp-content\/uploads\/2019\/10\/IMG_0274-e1571581297500.jpg'><img loading=\"lazy\" decoding=\"async\" width=\"150\" height=\"150\" src=\"https:\/\/dj-ohndorf.de\/wp-content\/uploads\/2019\/10\/IMG_0274-e1571581297500-150x150.jpg\" class=\"attachment-thumbnail size-thumbnail\" alt=\"\" \/><\/a>\n\t\t\t<\/div><\/figure><figure class='gallery-item'>\n\t\t\t<div class='gallery-icon landscape'>\n\t\t\t\t<a href='https:\/\/dj-ohndorf.de\/wp-content\/uploads\/2019\/10\/IMG_0275.jpg'><img loading=\"lazy\" decoding=\"async\" width=\"150\" height=\"150\" src=\"https:\/\/dj-ohndorf.de\/wp-content\/uploads\/2019\/10\/IMG_0275-150x150.jpg\" class=\"attachment-thumbnail size-thumbnail\" alt=\"\" \/><\/a>\n\t\t\t<\/div><\/figure><figure class='gallery-item'>\n\t\t\t<div class='gallery-icon portrait'>\n\t\t\t\t<a href='https:\/\/dj-ohndorf.de\/wp-content\/uploads\/2019\/10\/IMG_0277-e1571581349291.jpg'><img loading=\"lazy\" decoding=\"async\" width=\"150\" height=\"150\" src=\"https:\/\/dj-ohndorf.de\/wp-content\/uploads\/2019\/10\/IMG_0277-e1571581349291-150x150.jpg\" class=\"attachment-thumbnail size-thumbnail\" alt=\"\" \/><\/a>\n\t\t\t<\/div><\/figure><figure class='gallery-item'>\n\t\t\t<div class='gallery-icon portrait'>\n\t\t\t\t<a href='https:\/\/dj-ohndorf.de\/wp-content\/uploads\/2019\/10\/IMG_9087-e1571581265273.jpg'><img loading=\"lazy\" decoding=\"async\" width=\"150\" height=\"150\" src=\"https:\/\/dj-ohndorf.de\/wp-content\/uploads\/2019\/10\/IMG_9087-e1571581265273-150x150.jpg\" class=\"attachment-thumbnail size-thumbnail\" alt=\"\" \/><\/a>\n\t\t\t<\/div><\/figure><figure class='gallery-item'>\n\t\t\t<div class='gallery-icon portrait'>\n\t\t\t\t<a href='https:\/\/dj-ohndorf.de\/wp-content\/uploads\/2019\/10\/IMG_9202.jpg'><img loading=\"lazy\" decoding=\"async\" width=\"150\" height=\"150\" src=\"https:\/\/dj-ohndorf.de\/wp-content\/uploads\/2019\/10\/IMG_9202-150x150.jpg\" class=\"attachment-thumbnail size-thumbnail\" alt=\"\" srcset=\"https:\/\/dj-ohndorf.de\/wp-content\/uploads\/2019\/10\/IMG_9202-150x150.jpg 150w, https:\/\/dj-ohndorf.de\/wp-content\/uploads\/2019\/10\/IMG_9202-720x720.jpg 720w\" sizes=\"auto, (max-width: 150px) 100vw, 150px\" \/><\/a>\n\t\t\t<\/div><\/figure><figure class='gallery-item'>\n\t\t\t<div class='gallery-icon landscape'>\n\t\t\t\t<a href='https:\/\/dj-ohndorf.de\/wp-content\/uploads\/2019\/10\/IMG_9861.jpg'><img loading=\"lazy\" decoding=\"async\" width=\"150\" height=\"150\" src=\"https:\/\/dj-ohndorf.de\/wp-content\/uploads\/2019\/10\/IMG_9861-150x150.jpg\" class=\"attachment-thumbnail size-thumbnail\" alt=\"\" \/><\/a>\n\t\t\t<\/div><\/figure><figure class='gallery-item'>\n\t\t\t<div class='gallery-icon portrait'>\n\t\t\t\t<a href='https:\/\/dj-ohndorf.de\/wp-content\/uploads\/2019\/10\/IMG_9969-e1571581220682.jpg'><img loading=\"lazy\" decoding=\"async\" width=\"150\" height=\"150\" src=\"https:\/\/dj-ohndorf.de\/wp-content\/uploads\/2019\/10\/IMG_9969-e1571581220682-150x150.jpg\" class=\"attachment-thumbnail size-thumbnail\" alt=\"\" \/><\/a>\n\t\t\t<\/div><\/figure><figure class='gallery-item'>\n\t\t\t<div class='gallery-icon portrait'>\n\t\t\t\t<a href='https:\/\/dj-ohndorf.de\/wp-content\/uploads\/2019\/10\/IMG_1616.jpg'><img loading=\"lazy\" decoding=\"async\" width=\"150\" height=\"150\" src=\"https:\/\/dj-ohndorf.de\/wp-content\/uploads\/2019\/10\/IMG_1616-150x150.jpg\" class=\"attachment-thumbnail size-thumbnail\" alt=\"\" \/><\/a>\n\t\t\t<\/div><\/figure><figure class='gallery-item'>\n\t\t\t<div class='gallery-icon portrait'>\n\t\t\t\t<a href='https:\/\/dj-ohndorf.de\/wp-content\/uploads\/2019\/10\/IMG_1617.jpg'><img loading=\"lazy\" decoding=\"async\" width=\"150\" height=\"150\" src=\"https:\/\/dj-ohndorf.de\/wp-content\/uploads\/2019\/10\/IMG_1617-150x150.jpg\" class=\"attachment-thumbnail size-thumbnail\" alt=\"\" \/><\/a>\n\t\t\t<\/div><\/figure><figure class='gallery-item'>\n\t\t\t<div class='gallery-icon landscape'>\n\t\t\t\t<a href='https:\/\/dj-ohndorf.de\/wp-content\/uploads\/2019\/10\/IMG_3622.jpg'><img loading=\"lazy\" decoding=\"async\" width=\"150\" height=\"150\" src=\"https:\/\/dj-ohndorf.de\/wp-content\/uploads\/2019\/10\/IMG_3622-150x150.jpg\" class=\"attachment-thumbnail size-thumbnail\" alt=\"\" \/><\/a>\n\t\t\t<\/div><\/figure><figure class='gallery-item'>\n\t\t\t<div class='gallery-icon landscape'>\n\t\t\t\t<a href='https:\/\/dj-ohndorf.de\/wp-content\/uploads\/2019\/10\/IMG_3738.jpg'><img loading=\"lazy\" decoding=\"async\" width=\"150\" height=\"150\" src=\"https:\/\/dj-ohndorf.de\/wp-content\/uploads\/2019\/10\/IMG_3738-150x150.jpg\" class=\"attachment-thumbnail size-thumbnail\" alt=\"\" \/><\/a>\n\t\t\t<\/div><\/figure><figure class='gallery-item'>\n\t\t\t<div class='gallery-icon portrait'>\n\t\t\t\t<a href='https:\/\/dj-ohndorf.de\/wp-content\/uploads\/2019\/10\/IMG_5075.jpg'><img loading=\"lazy\" decoding=\"async\" width=\"150\" height=\"150\" src=\"https:\/\/dj-ohndorf.de\/wp-content\/uploads\/2019\/10\/IMG_5075-150x150.jpg\" class=\"attachment-thumbnail size-thumbnail\" alt=\"\" \/><\/a>\n\t\t\t<\/div><\/figure><figure class='gallery-item'>\n\t\t\t<div class='gallery-icon landscape'>\n\t\t\t\t<a href='https:\/\/dj-ohndorf.de\/wp-content\/uploads\/2019\/10\/IMG_5193.jpg'><img loading=\"lazy\" decoding=\"async\" width=\"150\" height=\"150\" src=\"https:\/\/dj-ohndorf.de\/wp-content\/uploads\/2019\/10\/IMG_5193-150x150.jpg\" class=\"attachment-thumbnail size-thumbnail\" alt=\"\" \/><\/a>\n\t\t\t<\/div><\/figure><figure class='gallery-item'>\n\t\t\t<div class='gallery-icon landscape'>\n\t\t\t\t<a href='https:\/\/dj-ohndorf.de\/wp-content\/uploads\/2019\/10\/IMG_6213.jpg'><img loading=\"lazy\" decoding=\"async\" width=\"150\" height=\"150\" src=\"https:\/\/dj-ohndorf.de\/wp-content\/uploads\/2019\/10\/IMG_6213-150x150.jpg\" class=\"attachment-thumbnail size-thumbnail\" alt=\"\" \/><\/a>\n\t\t\t<\/div><\/figure><figure class='gallery-item'>\n\t\t\t<div class='gallery-icon landscape'>\n\t\t\t\t<a href='https:\/\/dj-ohndorf.de\/wp-content\/uploads\/2019\/10\/IMG_6282.jpg'><img loading=\"lazy\" decoding=\"async\" width=\"150\" height=\"150\" src=\"https:\/\/dj-ohndorf.de\/wp-content\/uploads\/2019\/10\/IMG_6282-150x150.jpg\" class=\"attachment-thumbnail size-thumbnail\" alt=\"\" \/><\/a>\n\t\t\t<\/div><\/figure><figure class='gallery-item'>\n\t\t\t<div class='gallery-icon portrait'>\n\t\t\t\t<a href='https:\/\/dj-ohndorf.de\/wp-content\/uploads\/2019\/10\/IMG_6366-e1571581502512.jpg'><img loading=\"lazy\" decoding=\"async\" width=\"150\" height=\"150\" src=\"https:\/\/dj-ohndorf.de\/wp-content\/uploads\/2019\/10\/IMG_6366-e1571581502512-150x150.jpg\" class=\"attachment-thumbnail size-thumbnail\" alt=\"\" \/><\/a>\n\t\t\t<\/div><\/figure><figure class='gallery-item'>\n\t\t\t<div class='gallery-icon landscape'>\n\t\t\t\t<a href='https:\/\/dj-ohndorf.de\/wp-content\/uploads\/2019\/10\/IMG_6372.jpg'><img loading=\"lazy\" decoding=\"async\" width=\"150\" height=\"150\" src=\"https:\/\/dj-ohndorf.de\/wp-content\/uploads\/2019\/10\/IMG_6372-150x150.jpg\" class=\"attachment-thumbnail size-thumbnail\" alt=\"\" \/><\/a>\n\t\t\t<\/div><\/figure><figure class='gallery-item'>\n\t\t\t<div class='gallery-icon landscape'>\n\t\t\t\t<a href='https:\/\/dj-ohndorf.de\/wp-content\/uploads\/2019\/10\/IMG_6373.jpg'><img loading=\"lazy\" decoding=\"async\" width=\"150\" height=\"150\" src=\"https:\/\/dj-ohndorf.de\/wp-content\/uploads\/2019\/10\/IMG_6373-150x150.jpg\" class=\"attachment-thumbnail size-thumbnail\" alt=\"\" \/><\/a>\n\t\t\t<\/div><\/figure><figure class='gallery-item'>\n\t\t\t<div class='gallery-icon portrait'>\n\t\t\t\t<a href='https:\/\/dj-ohndorf.de\/wp-content\/uploads\/2019\/10\/IMG_1664-e1571581476638.jpg'><img loading=\"lazy\" decoding=\"async\" width=\"150\" height=\"150\" src=\"https:\/\/dj-ohndorf.de\/wp-content\/uploads\/2019\/10\/IMG_1664-e1571581476638-150x150.jpg\" class=\"attachment-thumbnail size-thumbnail\" alt=\"\" \/><\/a>\n\t\t\t<\/div><\/figure><figure class='gallery-item'>\n\t\t\t<div class='gallery-icon portrait'>\n\t\t\t\t<a href='https:\/\/dj-ohndorf.de\/wp-content\/uploads\/2019\/10\/IMG_2165.jpg'><img loading=\"lazy\" decoding=\"async\" width=\"150\" height=\"150\" src=\"https:\/\/dj-ohndorf.de\/wp-content\/uploads\/2019\/10\/IMG_2165-150x150.jpg\" class=\"attachment-thumbnail size-thumbnail\" alt=\"\" srcset=\"https:\/\/dj-ohndorf.de\/wp-content\/uploads\/2019\/10\/IMG_2165-150x150.jpg 150w, https:\/\/dj-ohndorf.de\/wp-content\/uploads\/2019\/10\/IMG_2165-720x720.jpg 720w\" sizes=\"auto, (max-width: 150px) 100vw, 150px\" \/><\/a>\n\t\t\t<\/div><\/figure><figure class='gallery-item'>\n\t\t\t<div class='gallery-icon portrait'>\n\t\t\t\t<a href='https:\/\/dj-ohndorf.de\/wp-content\/uploads\/2019\/10\/IMG_7601.jpg'><img loading=\"lazy\" decoding=\"async\" width=\"150\" height=\"150\" src=\"https:\/\/dj-ohndorf.de\/wp-content\/uploads\/2019\/10\/IMG_7601-150x150.jpg\" class=\"attachment-thumbnail size-thumbnail\" alt=\"\" \/><\/a>\n\t\t\t<\/div><\/figure>\n\t\t<\/div>\n\n<p>Von der Gemeinde Hohnhorst wurden wir hinsichtlich der Materialkosten unterst\u00fctzt. Au\u00dferdem haben wir viele finanzielle Mittel, Spenden und auch handwerkliche Unterst\u00fctzung von \u00f6rtlichen Firmen sowie den Ohndorfer B\u00fcrgerinnen und B\u00fcrgern mit erhalten.\u00a0<\/p>\n<p>Unter dem Motto <strong>&#8222;Wir setzen ein Denkmal!&#8220;<\/strong> gilt ein besonderer Dank den Mitgliedern Bendix Bock, Markus Wille, Jan Stemme und Hannes Bolting, die unerm\u00fcdlichen Einsatz bei dem Projekt gezeigt haben.\u00a0<\/p>\n<p>Im Sommer 2018 hat eine gro\u00dfe Einweihungsfeier der Lehrerwohnung mit dem gesamten Dorf, allen Sponsoren, \u00f6rtlichen Politikern sowie der Presse stattgefunden.\u00a0<\/p>\n<p><em>Fotos\u00a0 der Einweihungsfeier:<\/em><\/p>\n<div id='gallery-2' class='gallery galleryid-37 gallery-columns-6 gallery-size-thumbnail'><figure class='gallery-item'>\n\t\t\t<div class='gallery-icon landscape'>\n\t\t\t\t<a href='https:\/\/dj-ohndorf.de\/?attachment_id=269'><img loading=\"lazy\" decoding=\"async\" width=\"150\" height=\"150\" src=\"https:\/\/dj-ohndorf.de\/wp-content\/uploads\/2019\/10\/APQD4794-150x150.jpg\" class=\"attachment-thumbnail size-thumbnail\" alt=\"\" \/><\/a>\n\t\t\t<\/div><\/figure><figure class='gallery-item'>\n\t\t\t<div class='gallery-icon portrait'>\n\t\t\t\t<a href='https:\/\/dj-ohndorf.de\/?attachment_id=270'><img loading=\"lazy\" decoding=\"async\" width=\"150\" height=\"150\" src=\"https:\/\/dj-ohndorf.de\/wp-content\/uploads\/2019\/10\/BPBL6673-150x150.jpg\" class=\"attachment-thumbnail size-thumbnail\" alt=\"\" \/><\/a>\n\t\t\t<\/div><\/figure><figure class='gallery-item'>\n\t\t\t<div class='gallery-icon landscape'>\n\t\t\t\t<a href='https:\/\/dj-ohndorf.de\/?attachment_id=271'><img loading=\"lazy\" decoding=\"async\" width=\"150\" height=\"150\" src=\"https:\/\/dj-ohndorf.de\/wp-content\/uploads\/2019\/10\/IMG_6498-150x150.jpg\" class=\"attachment-thumbnail size-thumbnail\" alt=\"\" \/><\/a>\n\t\t\t<\/div><\/figure><figure class='gallery-item'>\n\t\t\t<div class='gallery-icon portrait'>\n\t\t\t\t<a href='https:\/\/dj-ohndorf.de\/?attachment_id=272'><img loading=\"lazy\" decoding=\"async\" width=\"150\" height=\"150\" src=\"https:\/\/dj-ohndorf.de\/wp-content\/uploads\/2019\/10\/IMG_6501-e1571582061431-150x150.jpg\" class=\"attachment-thumbnail size-thumbnail\" alt=\"\" \/><\/a>\n\t\t\t<\/div><\/figure><figure class='gallery-item'>\n\t\t\t<div class='gallery-icon portrait'>\n\t\t\t\t<a href='https:\/\/dj-ohndorf.de\/?attachment_id=274'><img loading=\"lazy\" decoding=\"async\" width=\"150\" height=\"150\" src=\"https:\/\/dj-ohndorf.de\/wp-content\/uploads\/2019\/10\/IMG_6504-e1571582030969-150x150.jpg\" class=\"attachment-thumbnail size-thumbnail\" alt=\"\" \/><\/a>\n\t\t\t<\/div><\/figure><figure class='gallery-item'>\n\t\t\t<div class='gallery-icon portrait'>\n\t\t\t\t<a href='https:\/\/dj-ohndorf.de\/?attachment_id=275'><img loading=\"lazy\" decoding=\"async\" width=\"150\" height=\"150\" src=\"https:\/\/dj-ohndorf.de\/wp-content\/uploads\/2019\/10\/IMG_6512-e1571582046258-150x150.jpg\" class=\"attachment-thumbnail size-thumbnail\" alt=\"\" \/><\/a>\n\t\t\t<\/div><\/figure><figure class='gallery-item'>\n\t\t\t<div class='gallery-icon portrait'>\n\t\t\t\t<a href='https:\/\/dj-ohndorf.de\/?attachment_id=276'><img loading=\"lazy\" decoding=\"async\" width=\"150\" height=\"150\" src=\"https:\/\/dj-ohndorf.de\/wp-content\/uploads\/2019\/10\/IMG_6541-e1571582001117-150x150.jpg\" class=\"attachment-thumbnail size-thumbnail\" alt=\"\" \/><\/a>\n\t\t\t<\/div><\/figure><figure class='gallery-item'>\n\t\t\t<div class='gallery-icon landscape'>\n\t\t\t\t<a href='https:\/\/dj-ohndorf.de\/?attachment_id=277'><img loading=\"lazy\" decoding=\"async\" width=\"150\" height=\"150\" src=\"https:\/\/dj-ohndorf.de\/wp-content\/uploads\/2019\/10\/IMG_6543-150x150.jpg\" class=\"attachment-thumbnail size-thumbnail\" alt=\"\" \/><\/a>\n\t\t\t<\/div><\/figure><figure class='gallery-item'>\n\t\t\t<div class='gallery-icon landscape'>\n\t\t\t\t<a href='https:\/\/dj-ohndorf.de\/?attachment_id=278'><img loading=\"lazy\" decoding=\"async\" width=\"150\" height=\"150\" src=\"https:\/\/dj-ohndorf.de\/wp-content\/uploads\/2019\/10\/IMG_6544-150x150.jpg\" class=\"attachment-thumbnail size-thumbnail\" alt=\"\" \/><\/a>\n\t\t\t<\/div><\/figure><figure class='gallery-item'>\n\t\t\t<div class='gallery-icon landscape'>\n\t\t\t\t<a href='https:\/\/dj-ohndorf.de\/?attachment_id=279'><img loading=\"lazy\" decoding=\"async\" width=\"150\" height=\"150\" src=\"https:\/\/dj-ohndorf.de\/wp-content\/uploads\/2019\/10\/IMG_6554-150x150.jpg\" class=\"attachment-thumbnail size-thumbnail\" alt=\"\" \/><\/a>\n\t\t\t<\/div><\/figure><figure class='gallery-item'>\n\t\t\t<div class='gallery-icon landscape'>\n\t\t\t\t<a href='https:\/\/dj-ohndorf.de\/?attachment_id=280'><img loading=\"lazy\" decoding=\"async\" width=\"150\" height=\"150\" src=\"https:\/\/dj-ohndorf.de\/wp-content\/uploads\/2019\/10\/IMG_6560-150x150.jpg\" class=\"attachment-thumbnail size-thumbnail\" alt=\"\" \/><\/a>\n\t\t\t<\/div><\/figure><figure class='gallery-item'>\n\t\t\t<div class='gallery-icon landscape'>\n\t\t\t\t<a href='https:\/\/dj-ohndorf.de\/?attachment_id=281'><img loading=\"lazy\" decoding=\"async\" width=\"150\" height=\"150\" src=\"https:\/\/dj-ohndorf.de\/wp-content\/uploads\/2019\/10\/IMG_6561-150x150.jpg\" class=\"attachment-thumbnail size-thumbnail\" alt=\"\" \/><\/a>\n\t\t\t<\/div><\/figure><figure class='gallery-item'>\n\t\t\t<div class='gallery-icon landscape'>\n\t\t\t\t<a href='https:\/\/dj-ohndorf.de\/?attachment_id=282'><img loading=\"lazy\" decoding=\"async\" width=\"150\" height=\"150\" src=\"https:\/\/dj-ohndorf.de\/wp-content\/uploads\/2019\/10\/IMG_6581-150x150.jpg\" class=\"attachment-thumbnail size-thumbnail\" alt=\"\" \/><\/a>\n\t\t\t<\/div><\/figure><figure class='gallery-item'>\n\t\t\t<div class='gallery-icon landscape'>\n\t\t\t\t<a href='https:\/\/dj-ohndorf.de\/?attachment_id=283'><img loading=\"lazy\" decoding=\"async\" width=\"150\" height=\"150\" src=\"https:\/\/dj-ohndorf.de\/wp-content\/uploads\/2019\/10\/IMG_6583-150x150.jpg\" class=\"attachment-thumbnail size-thumbnail\" alt=\"\" \/><\/a>\n\t\t\t<\/div><\/figure>\n\t\t<\/div>\n\n<p>Seitdem gilt die Lehrerwohnung als gem\u00fctlicher Treffpunkt in Ohndorf f\u00fcr die Dorfjugend Ohndorf. Dar\u00fcber hinaus wird der Jugendraum aber auch f\u00fcr weitere Aktivit\u00e4ten wie z.B. Krabbelgruppe, Vorstandssitzungen oder N\u00e4hkurse genutzt.<\/p>\n<p>\u00a0<\/p>\n\n\n<p><\/p>\n","protected":false},"excerpt":{"rendered":"<p>Die Ohndorfer Schule wurde im Jahr 1909 errichtet und war seitdem einer der Mittelpunkte in Ohndorf. Der letzte Jahrgang hat die Schule im Jahr 1974 verlassen und wurde von dem <a class=\"more-link\" href=\"https:\/\/dj-ohndorf.de\/?page_id=37\">Weiterlesen\u00a0\u2026<\/a><\/p>\n","protected":false},"author":1,"featured_media":0,"parent":0,"menu_order":0,"comment_status":"closed","ping_status":"closed","template":"","meta":{"footnotes":""},"class_list":["post-37","page","type-page","status-publish","hentry"],"_links":{"self":[{"href":"https:\/\/dj-ohndorf.de\/index.php?rest_route=\/wp\/v2\/pages\/37","targetHints":{"allow":["GET"]}}],"collection":[{"href":"https:\/\/dj-ohndorf.de\/index.php?rest_route=\/wp\/v2\/pages"}],"about":[{"href":"https:\/\/dj-ohndorf.de\/index.php?rest_route=\/wp\/v2\/types\/page"}],"author":[{"embeddable":true,"href":"https:\/\/dj-ohndorf.de\/index.php?rest_route=\/wp\/v2\/users\/1"}],"replies":[{"embeddable":true,"href":"https:\/\/dj-ohndorf.de\/index.php?rest_route=%2Fwp%2Fv2%2Fcomments&post=37"}],"version-history":[{"count":7,"href":"https:\/\/dj-ohndorf.de\/index.php?rest_route=\/wp\/v2\/pages\/37\/revisions"}],"predecessor-version":[{"id":285,"href":"https:\/\/dj-ohndorf.de\/index.php?rest_route=\/wp\/v2\/pages\/37\/revisions\/285"}],"wp:attachment":[{"href":"https:\/\/dj-ohndorf.de\/index.php?rest_route=%2Fwp%2Fv2%2Fmedia&parent=37"}],"curies":[{"name":"wp","href":"https:\/\/api.w.org\/{rel}","templated":true}]}}