{"id":39,"date":"2017-10-16T13:42:50","date_gmt":"2017-10-16T13:42:50","guid":{"rendered":"http:\/\/new.djohndorf.de\/?page_id=39"},"modified":"2017-11-29T10:37:11","modified_gmt":"2017-11-29T09:37:11","slug":"oeffentlicher-buecherschrank","status":"publish","type":"page","link":"https:\/\/dj-ohndorf.de\/?page_id=39","title":{"rendered":"B\u00fccherschrank"},"content":{"rendered":"<p>Der offene B\u00fccherschrank ist f\u00fcr alle B\u00fcrgerInnen und BesucherInnen von Ohndorf.<\/p>\n<p>Such dir das Buch aus, das dich neugierig macht. Nimm das Buch mit nach Hause oder fang einfach gleich an zu schm\u00f6kern.<\/p>\n<p>Du kannst das Buch behalten, es wieder zur\u00fcck bringen oder stell einfach ein anderes Buch, das du f\u00fcr lesenswert h\u00e4lst, in den Schrank.<\/p>\n<p>Wir versuchen daf\u00fcr zu sorgen, dass fragw\u00fcrdige B\u00fccher entfernt werden, die Glasscheiben und das Innere sauber bleiben. Bitte achte auch du darauf!<\/p>\n<p>Wenn du gr\u00f6\u00dfere Mengen B\u00fccher zur Verf\u00fcgung stellen m\u00f6chtest oder dir Sch\u00e4den am Schrank\u00a0auffallen, kannst du dich bei Corina Lattwesen-Weinstock (Kapellenstr. 28) melden.<\/p>\n<p>Viel Spa\u00df beim Lesen, Tauschen und Entdecken!<\/p>\n<p><img loading=\"lazy\" decoding=\"async\" class=\"aligncenter wp-image-169 size-large\" src=\"http:\/\/new.djohndorf.de\/wp-content\/uploads\/2017\/11\/20171126_144443-727x1024.jpg\" alt=\"Offener B\u00fccherschrank\" width=\"690\" height=\"972\" srcset=\"https:\/\/dj-ohndorf.de\/wp-content\/uploads\/2017\/11\/20171126_144443-727x1024.jpg 727w, https:\/\/dj-ohndorf.de\/wp-content\/uploads\/2017\/11\/20171126_144443-213x300.jpg 213w, https:\/\/dj-ohndorf.de\/wp-content\/uploads\/2017\/11\/20171126_144443-768x1081.jpg 768w, https:\/\/dj-ohndorf.de\/wp-content\/uploads\/2017\/11\/20171126_144443-107x150.jpg 107w\" sizes=\"auto, (max-width: 690px) 100vw, 690px\" \/><\/p>\n<p><strong>Ein Projekt der\u00a0<\/strong><strong>Dorfjugend O<\/strong><strong>hndorf e.V. im Jahr 2017<\/strong><\/p>\n","protected":false},"excerpt":{"rendered":"<p>Der offene B\u00fccherschrank ist f\u00fcr alle B\u00fcrgerInnen und BesucherInnen von Ohndorf. Such dir das Buch aus, das dich neugierig macht. Nimm das Buch mit nach Hause oder fang einfach gleich <a class=\"more-link\" href=\"https:\/\/dj-ohndorf.de\/?page_id=39\">Weiterlesen\u00a0\u2026<\/a><\/p>\n","protected":false},"author":1,"featured_media":0,"parent":0,"menu_order":0,"comment_status":"closed","ping_status":"closed","template":"","meta":{"footnotes":""},"class_list":["post-39","page","type-page","status-publish","hentry"],"_links":{"self":[{"href":"https:\/\/dj-ohndorf.de\/index.php?rest_route=\/wp\/v2\/pages\/39","targetHints":{"allow":["GET"]}}],"collection":[{"href":"https:\/\/dj-ohndorf.de\/index.php?rest_route=\/wp\/v2\/pages"}],"about":[{"href":"https:\/\/dj-ohndorf.de\/index.php?rest_route=\/wp\/v2\/types\/page"}],"author":[{"embeddable":true,"href":"https:\/\/dj-ohndorf.de\/index.php?rest_route=\/wp\/v2\/users\/1"}],"replies":[{"embeddable":true,"href":"https:\/\/dj-ohndorf.de\/index.php?rest_route=%2Fwp%2Fv2%2Fcomments&post=39"}],"version-history":[{"count":13,"href":"https:\/\/dj-ohndorf.de\/index.php?rest_route=\/wp\/v2\/pages\/39\/revisions"}],"predecessor-version":[{"id":177,"href":"https:\/\/dj-ohndorf.de\/index.php?rest_route=\/wp\/v2\/pages\/39\/revisions\/177"}],"wp:attachment":[{"href":"https:\/\/dj-ohndorf.de\/index.php?rest_route=%2Fwp%2Fv2%2Fmedia&parent=39"}],"curies":[{"name":"wp","href":"https:\/\/api.w.org\/{rel}","templated":true}]}}